{"id":1603,"date":"2018-03-02T08:29:43","date_gmt":"2018-03-02T06:29:43","guid":{"rendered":"http:\/\/erholung-bad-duerrenberg.de\/?page_id=1603"},"modified":"2025-09-29T21:58:13","modified_gmt":"2025-09-29T19:58:13","slug":"hinweise-erholung","status":"publish","type":"page","link":"http:\/\/erholung-bad-duerrenberg.de\/?page_id=1603","title":{"rendered":"Hinweise Erholung"},"content":{"rendered":"<h2><span style=\"color: #008000;\">Z\u00e4hlerst\u00e4nde<\/span><\/h2>\n<hr \/>\n<p>Die \u00dcbermittlung der Z\u00e4hlerst\u00e4nde kann erfolgen per:<\/p>\n<ul>\n<li>WhatsApp an den Vorstand<\/li>\n<li>E-Mail<\/li>\n<li>postalisch\u00a0<\/li>\n<\/ul>\n<p>Bitte nutzen Sie daf\u00fcr unser Formular:<\/p>\n<p><a href=\"http:\/\/erholung-bad-duerrenberg.de\/wp-content\/uploads\/2025\/09\/Uebermittlung-Zaehlerstaende.pdf\">Uebermittlung-Zaehlerstaende<\/a><\/p>\n<p>\u00a0<\/p>\n<p>\u00a0<\/p>\n<h2><span style=\"color: #008000; text-decoration: underline;\">Garten-\/Laubenversicherung<\/span><\/h2>\n<p>Ansprechpartner f\u00fcr unsere Versicherung wie folgt:<\/p>\n<p>W\u00fcrttembergische Versicherung AG, Mario Sturm, Stennewitzer Stra\u00dfe 19, 06184 Kabelsketal, Tel. 0345-6859994, FAX 0345-6859993, Mail <a href=\"mailto:Mario.sturm@wuerttembergische.de\" target=\"_blank\" rel=\"noopener\"><span style=\"color: #007dbc;\">Mario.sturm@wuerttembergische.de<\/span><\/a>, Mobil 0171-6579488.<\/p>\n<p>Die Formulare finden Sie im Vorraum des Vereinsheimes oder hier unter <a title=\"Formulare\" href=\"http:\/\/erholung-bad-duerrenberg.de\/Downloads\/Versicherungsformulare.pdf\" target=\"_blank\" rel=\"noopener\">Downloads<\/a> auf unserer Homepage.<\/p>\n<h2><span style=\"color: #008000; text-decoration: underline;\">Baumschnitt<\/span><\/h2>\n<p><b>Das geh\u00f6rt zum Baum- und Strauchschnitt!<\/b><\/p>\n<p><i>\u00c4ste, Heckenschnitt, Laub, Rosenschnitt, Strauchschnitt<\/i><\/p>\n<p><b>Achtung: Rasenschnitt geh\u00f6rt nicht zur Baum- und Strauchschnittsammlung<\/b><\/p>\n<p><b><i>Tipps und Hinweise!<\/i><\/b><\/p>\n<ul>\n<li>\u00b7 <i>Baum- und Strauchschnitt ist zu b\u00fcndeln. Die L\u00e4nge von 1,50 m und die Astst\u00e4rke von 8 cm sind dabei nicht zu \u00fcberschreiten.<\/i><\/li>\n<li>\u00b7 <i>Baum- und Strauchschnitt, welcher sich nicht oder schlecht b\u00fcndeln l\u00e4sst, kann in kompostierbaren Beh\u00e4ltern (z.B. Papiers\u00e4cke, Pappkartons) bereitgestellt werden. Diese sind im Handel, bei den Entsorgungsunternehmen sowie beim Landkreis erh\u00e4ltlich. B\u00fcndel, S\u00e4cke und Kartons m\u00fcssen <\/i><b><i>von einer<\/i><\/b><b><i>Person heb bar <\/i><\/b><i>sein. Ein Gewicht von <\/i><b><i>25 kg <\/i><\/b><i>ist <\/i><b><i>nicht <\/i><\/b><i>zu <\/i><b><i>\u00fcberschreiten<\/i><\/b><i>.<\/i><\/li>\n<li>\u00b7 <i>Laub kann ebenfalls in kompostier f\u00e4higen Beh\u00e4ltern zur Baum- und Strauchschnittsammlung bereitgestellt werden<\/i><\/li>\n<\/ul>\n\n\n<p><\/p>\n","protected":false},"excerpt":{"rendered":"<p>Z\u00e4hlerst\u00e4nde Die \u00dcbermittlung der Z\u00e4hlerst\u00e4nde kann erfolgen per: WhatsApp an den Vorstand E-Mail postalisch\u00a0 Bitte nutzen Sie daf\u00fcr unser Formular: Uebermittlung-Zaehlerstaende \u00a0 \u00a0 Garten-\/Laubenversicherung Ansprechpartner f\u00fcr unsere Versicherung wie folgt: W\u00fcrttembergische Versicherung AG, Mario Sturm, Stennewitzer Stra\u00dfe 19, 06184 Kabelsketal, Tel. 0345-6859994, FAX 0345-6859993, Mail Mario.sturm@wuerttembergische.de, Mobil 0171-6579488. Die Formulare finden Sie im Vorraum des [&hellip;]<\/p>\n","protected":false},"author":2,"featured_media":0,"parent":0,"menu_order":8,"comment_status":"open","ping_status":"closed","template":"","meta":[],"_links":{"self":[{"href":"http:\/\/erholung-bad-duerrenberg.de\/index.php?rest_route=\/wp\/v2\/pages\/1603"}],"collection":[{"href":"http:\/\/erholung-bad-duerrenberg.de\/index.php?rest_route=\/wp\/v2\/pages"}],"about":[{"href":"http:\/\/erholung-bad-duerrenberg.de\/index.php?rest_route=\/wp\/v2\/types\/page"}],"author":[{"embeddable":true,"href":"http:\/\/erholung-bad-duerrenberg.de\/index.php?rest_route=\/wp\/v2\/users\/2"}],"replies":[{"embeddable":true,"href":"http:\/\/erholung-bad-duerrenberg.de\/index.php?rest_route=%2Fwp%2Fv2%2Fcomments&post=1603"}],"version-history":[{"count":21,"href":"http:\/\/erholung-bad-duerrenberg.de\/index.php?rest_route=\/wp\/v2\/pages\/1603\/revisions"}],"predecessor-version":[{"id":2670,"href":"http:\/\/erholung-bad-duerrenberg.de\/index.php?rest_route=\/wp\/v2\/pages\/1603\/revisions\/2670"}],"wp:attachment":[{"href":"http:\/\/erholung-bad-duerrenberg.de\/index.php?rest_route=%2Fwp%2Fv2%2Fmedia&parent=1603"}],"curies":[{"name":"wp","href":"https:\/\/api.w.org\/{rel}","templated":true}]}}